{"id":548,"date":"2021-02-16T21:35:13","date_gmt":"2021-02-16T20:35:13","guid":{"rendered":"https:\/\/dev.itsjust.de\/?page_id=548"},"modified":"2024-07-08T11:12:30","modified_gmt":"2024-07-08T09:12:30","slug":"impressum","status":"publish","type":"page","link":"https:\/\/www.vocalcoach-hannover.de\/index.php\/impressum\/","title":{"rendered":"Impressum"},"content":{"rendered":"<p>[et_pb_section fb_built=&#8220;1&#8243; _builder_version=&#8220;4.16&#8243; _module_preset=&#8220;default&#8220; global_colors_info=&#8220;{}&#8220;][et_pb_row _builder_version=&#8220;4.16&#8243; _module_preset=&#8220;default&#8220; global_colors_info=&#8220;{}&#8220;][et_pb_column type=&#8220;4_4&#8243; _builder_version=&#8220;4.16&#8243; _module_preset=&#8220;default&#8220; global_colors_info=&#8220;{}&#8220;][et_pb_text _builder_version=&#8220;4.16&#8243; _module_preset=&#8220;default&#8220; global_colors_info=&#8220;{}&#8220;]<\/p>\n<p><span>Impressum:<\/span><br \/><span>Angaben gem\u00e4\u00df \u00a7 5 TMG:<\/span><br \/><span>Dipl. Sozialwiss.&amp;Musikwiss. B.A. Christine Zienc-Tomczak<\/span><br \/><span>Gustav-Adolf-Stra\u00dfe 18<\/span><br \/><span>30167 Hannover<\/span><\/p>\n<p>&nbsp;<\/p>\n<p>Kontakt:<br \/>015561971811<br \/>E-Mail: info(at)vocalcoach-hannover.de<\/p>\n<p>Verantwortlich f\u00fcr den Inhalt nach \u00a7 55 Abs. 2 RStV:<br \/>Dipl. Sozialwiss.&amp;Musikwiss. B.A. Christine Zienc-Tomczak<br \/><span>Gustav-Adolf-Stra\u00dfe 18<\/span><br \/><span>30167 Hannover<\/span><br \/>Quelle: Impressum von e-recht24.de speziell f\u00fcr Privatpersonen erzeugt.<\/p>\n<p>Haftungsausschluss:<br \/>Haftung f\u00fcr Inhalte<br \/>Die Inhalte unserer Seiten wurden mit gr\u00f6\u00dfter Sorgfalt erstellt.<br \/>F\u00fcr die Richtigkeit, Vollst\u00e4ndigkeit und Aktualit\u00e4t der Inhalte<br \/>k\u00f6nnen wir jedoch keine Gew\u00e4hr \u00fcbernehmen. Als Diensteanbieter sind wir gem\u00e4\u00df \u00a7 7 Abs.1 TMG f\u00fcr<br \/>eigene Inhalte auf diesen Seiten nach den allgemeinen Gesetzen verantwortlich.<br \/>Nach \u00a7\u00a7 8 bis 10 TMG sind wir als Diensteanbieter jedoch nicht<br \/>verpflichtet, \u00fcbermittelte oder gespeicherte fremde Informationen zu<br \/>\u00fcberwachen oder nach Umst\u00e4nden zu forschen, die auf eine rechtswidrige<br \/>T\u00e4tigkeit hinweisen. Verpflichtungen zur Entfernung oder Sperrung der<br \/>Nutzung von Informationen nach den allgemeinen Gesetzen bleiben hiervon<br \/>unber\u00fchrt. Eine diesbez\u00fcgliche Haftung ist jedoch erst ab dem<br \/>Zeitpunkt der Kenntnis einer konkreten Rechtsverletzung m\u00f6glich. Bei<br \/>Bekanntwerden von entsprechenden Rechtsverletzungen werden wir diese Inhalte<br \/>umgehend entfernen.<\/p>\n<p>Haftung f\u00fcr Links<\/p>\n<p>Unser Angebot enth\u00e4lt Links zu externen Webseiten Dritter, auf deren<br \/>Inhalte wir keinen Einfluss haben. Deshalb k\u00f6nnen wir f\u00fcr diese<br \/>fremden Inhalte auch keine Gew\u00e4hr \u00fcbernehmen. F\u00fcr die Inhalte<br \/>der verlinkten Seiten ist stets der jeweilige Anbieter oder Betreiber der<br \/>Seiten verantwortlich. Die verlinkten Seiten wurden zum Zeitpunkt der Verlinkung<br \/>auf m\u00f6gliche Rechtsverst\u00f6\u00dfe \u00fcberpr\u00fcft. Rechtswidrige<br \/>Inhalte waren zum Zeitpunkt der Verlinkung nicht erkennbar. Eine permanente<br \/>inhaltliche Kontrolle der verlinkten Seiten ist jedoch ohne konkrete Anhaltspunkte<br \/>einer Rechtsverletzung nicht zumutbar. Bei Bekanntwerden von Rechtsverletzungen<br \/>werden wir derartige Links umgehend entfernen.<\/p>\n<p>Urheberrecht<\/p>\n<p>Die durch die Seitenbetreiber erstellten Inhalte und Werke auf diesen Seiten<br \/>unterliegen dem deutschen Urheberrecht. Die Vervielf\u00e4ltigung, Bearbeitung, Verbreitung und<br \/>jede Art der Verwertung au\u00dferhalb der Grenzen des Urheberrechtes bed\u00fcrfen<br \/>der schriftlichen Zustimmung des jeweiligen Autors bzw. Erstellers. Downloads<br \/>und Kopien dieser Seite sind nur f\u00fcr den privaten, nicht kommerziellen<br \/>Gebrauch gestattet. Soweit die Inhalte auf dieser Seite nicht vom Betreiber erstellt wurden,<br \/>werden die Urheberrechte Dritter beachtet. Insbesondere werden Inhalte Dritter als solche<br \/>gekennzeichnet. Sollten Sie trotzdem auf eine Urheberrechtsverletzung aufmerksam werden, bitten wir um einen entsprechenden Hinweis.<br \/>Bei Bekanntwerden von Rechtsverletzungen werden wir derartige Inhalte umgehend entfernen.<\/p>\n<p>[\/et_pb_text][\/et_pb_column][\/et_pb_row][\/et_pb_section]<\/p>\n","protected":false},"excerpt":{"rendered":"<p>Impressum:Angaben gem\u00e4\u00df \u00a7 5 TMG:Dipl. Sozialwiss.&amp;Musikwiss. B.A. Christine Zienc-TomczakGustav-Adolf-Stra\u00dfe 1830167 Hannover &nbsp; Kontakt:015561971811E-Mail: info(at)vocalcoach-hannover.de Verantwortlich f\u00fcr den Inhalt nach \u00a7 55 Abs. 2 RStV:Dipl. Sozialwiss.&amp;Musikwiss. B.A. Christine Zienc-TomczakGustav-Adolf-Stra\u00dfe 1830167 HannoverQuelle: Impressum von e-recht24.de speziell f\u00fcr Privatpersonen erzeugt. Haftungsausschluss:Haftung f\u00fcr InhalteDie Inhalte unserer Seiten wurden mit gr\u00f6\u00dfter Sorgfalt erstellt.F\u00fcr die Richtigkeit, Vollst\u00e4ndigkeit und Aktualit\u00e4t der Inhaltek\u00f6nnen [&hellip;]<\/p>\n","protected":false},"author":1,"featured_media":0,"parent":0,"menu_order":0,"comment_status":"closed","ping_status":"closed","template":"","meta":{"_et_pb_use_builder":"on","_et_pb_old_content":"","_et_gb_content_width":"","footnotes":""},"_links":{"self":[{"href":"https:\/\/www.vocalcoach-hannover.de\/index.php\/wp-json\/wp\/v2\/pages\/548"}],"collection":[{"href":"https:\/\/www.vocalcoach-hannover.de\/index.php\/wp-json\/wp\/v2\/pages"}],"about":[{"href":"https:\/\/www.vocalcoach-hannover.de\/index.php\/wp-json\/wp\/v2\/types\/page"}],"author":[{"embeddable":true,"href":"https:\/\/www.vocalcoach-hannover.de\/index.php\/wp-json\/wp\/v2\/users\/1"}],"replies":[{"embeddable":true,"href":"https:\/\/www.vocalcoach-hannover.de\/index.php\/wp-json\/wp\/v2\/comments?post=548"}],"version-history":[{"count":5,"href":"https:\/\/www.vocalcoach-hannover.de\/index.php\/wp-json\/wp\/v2\/pages\/548\/revisions"}],"predecessor-version":[{"id":1312,"href":"https:\/\/www.vocalcoach-hannover.de\/index.php\/wp-json\/wp\/v2\/pages\/548\/revisions\/1312"}],"wp:attachment":[{"href":"https:\/\/www.vocalcoach-hannover.de\/index.php\/wp-json\/wp\/v2\/media?parent=548"}],"curies":[{"name":"wp","href":"https:\/\/api.w.org\/{rel}","templated":true}]}}